
{"id":53,"date":"2016-11-06T21:41:41","date_gmt":"2016-11-06T20:41:41","guid":{"rendered":"http:\/\/gwiwer.org\/?page_id=53"},"modified":"2024-10-05T15:34:02","modified_gmt":"2024-10-05T14:34:02","slug":"odkazy","status":"publish","type":"page","link":"https:\/\/gwiwer.org\/?page_id=53","title":{"rendered":"Links"},"content":{"rendered":"<p>Zde naleznete odkazy, kter\u00e9 mne inspiruj\u00ed a se kter\u00fdmi spolupracuji:<\/p>\n<p><a href=\"http:\/\/www.crescendo.org\">www.crescendo.org<\/a><\/p>\n<p><a href=\"http:\/\/www.crescendoinstitute.org\/en\">http:\/\/www.crescendoinstitute.org\/en<\/a><\/p>\n<p><a href=\"http:\/\/www.helenegrimaud.com\">www.helenegrimaud.com<\/a><\/p>\n<p><a href=\"http:\/\/www.vallila.cz\">www.vallila.cz<\/a><\/p>\n<p><a href=\"https:\/\/www.benediktinky.cz\/cz\/\">https:\/\/www.benediktinky.cz\/cz\/<\/a><\/p>\n<p><a href=\"http:\/\/congregatiojesu.cz\/\">http:\/\/congregatiojesu.cz\/<\/a><\/p>\n<p><a href=\"https:\/\/abbeyofthearts.com\/\">https:\/\/abbeyofthearts.com\/<\/a><\/p>\n<p><a href=\"https:\/\/terezicka.cz\/\">https:\/\/terezicka.cz\/<\/a><\/p>\n<p><a href=\"https:\/\/www.zuspetriny.cz\/\">https:\/\/www.zuspetriny.cz\/<\/a><\/p>\n<p><a href=\"https:\/\/www.camphill.org\/\">https:\/\/www.camphill.org\/<\/a><\/p>\n<p><a href=\"https:\/\/pianissimo.cz\/\">https:\/\/pianissimo.cz\/<\/a><\/p>\n<p><a href=\"https:\/\/pisnestredozeme.cz\/\">https:\/\/pisnestredozeme.cz\/<\/a><\/p>\n<p><a href=\"https:\/\/karavana.site\/uvod\">https:\/\/karavana.site\/uvod<\/a><\/p>\n<p><a href=\"https:\/\/armenianmusic.am\/en\/audio\">https:\/\/armenianmusic.am\/en\/audio<\/a><\/p>\n<p><a href=\"https:\/\/www.taize.fr\/cs\">https:\/\/www.taize.fr\/cs<\/a><\/p>\n<p><a href=\"https:\/\/ustek5.cz\/\">https:\/\/ustek5.cz\/<\/a><\/p>\n<p><a href=\"https:\/\/www.fortna.eu\/\">https:\/\/www.fortna.eu\/<\/a><\/p>\n<p><a href=\"https:\/\/komunitanoe.cz\/\">https:\/\/komunitanoe.cz\/<\/a><\/p>\n<p>&nbsp;<\/p>\n","protected":false},"excerpt":{"rendered":"<p>Zde naleznete odkazy, kter\u00e9 mne inspiruj\u00ed a se kter\u00fdmi spolupracuji: www.crescendo.org http:\/\/www.crescendoinstitute.org\/en www.helenegrimaud.com www.vallila.cz https:\/\/www.benediktinky.cz\/cz\/ http:\/\/congregatiojesu.cz\/ https:\/\/abbeyofthearts.com\/ https:\/\/terezicka.cz\/ https:\/\/www.zuspetriny.cz\/ https:\/\/www.camphill.org\/ https:\/\/pianissimo.cz\/ https:\/\/pisnestredozeme.cz\/ https:\/\/karavana.site\/uvod https:\/\/armenianmusic.am\/en\/audio https:\/\/www.taize.fr\/cs https:\/\/ustek5.cz\/ https:\/\/www.fortna.eu\/ https:\/\/komunitanoe.cz\/ &nbsp;<\/p>\n","protected":false},"author":1,"featured_media":0,"parent":0,"menu_order":0,"comment_status":"closed","ping_status":"closed","template":"","meta":{"ngg_post_thumbnail":0,"footnotes":""},"class_list":["post-53","page","type-page","status-publish","hentry"],"_links":{"self":[{"href":"https:\/\/gwiwer.org\/index.php?rest_route=\/wp\/v2\/pages\/53","targetHints":{"allow":["GET"]}}],"collection":[{"href":"https:\/\/gwiwer.org\/index.php?rest_route=\/wp\/v2\/pages"}],"about":[{"href":"https:\/\/gwiwer.org\/index.php?rest_route=\/wp\/v2\/types\/page"}],"author":[{"embeddable":true,"href":"https:\/\/gwiwer.org\/index.php?rest_route=\/wp\/v2\/users\/1"}],"replies":[{"embeddable":true,"href":"https:\/\/gwiwer.org\/index.php?rest_route=%2Fwp%2Fv2%2Fcomments&post=53"}],"version-history":[{"count":10,"href":"https:\/\/gwiwer.org\/index.php?rest_route=\/wp\/v2\/pages\/53\/revisions"}],"predecessor-version":[{"id":238,"href":"https:\/\/gwiwer.org\/index.php?rest_route=\/wp\/v2\/pages\/53\/revisions\/238"}],"wp:attachment":[{"href":"https:\/\/gwiwer.org\/index.php?rest_route=%2Fwp%2Fv2%2Fmedia&parent=53"}],"curies":[{"name":"wp","href":"https:\/\/api.w.org\/{rel}","templated":true}]}}