
{"id":16,"date":"2016-11-06T21:31:59","date_gmt":"2016-11-06T20:31:59","guid":{"rendered":"http:\/\/gwiwer.org\/?page_id=16"},"modified":"2026-03-29T09:34:47","modified_gmt":"2026-03-29T08:34:47","slug":"music","status":"publish","type":"page","link":"https:\/\/gwiwer.org\/?page_id=16","title":{"rendered":"Music"},"content":{"rendered":"<p>Star\u0161\u00ed skladby a p\u00edsni\u010dky na vlastn\u00ed texty naleznete zde:<\/p>\n<p><a href=\"http:\/\/bandzone.cz\/gwiwer\">http:\/\/bandzone.cz\/gwiwer<\/a><\/p>\n<div class=\"wp-playlist wp-audio-playlist wp-playlist-light\">\n\t\t\t<div class=\"wp-playlist-current-item\"><\/div>\n\t\t<audio controls=\"controls\" preload=\"none\" width=\"818\"\n\t\t\t><\/audio>\n\t<div class=\"wp-playlist-next\"><\/div>\n\t<div class=\"wp-playlist-prev\"><\/div>\n\t<noscript>\n\t<ol>\n\t\t<li><a href='https:\/\/gwiwer.org\/wp-content\/uploads\/2016\/11\/05-Fantazie.mp3'>J. S. Bach :  Chromatic Fantasia BWV 903<\/a><\/li><li><a href='https:\/\/gwiwer.org\/wp-content\/uploads\/2016\/11\/06-Fuga.mp3'>J. S. Bach :  Chromatic Fugue  BWV 903<\/a><\/li><li><a href='https:\/\/gwiwer.org\/wp-content\/uploads\/2016\/11\/06-V-mlhach-1.mp3'>L. Jan\u00e1\u010dek - In the mists 1<\/a><\/li><li><a href='https:\/\/gwiwer.org\/wp-content\/uploads\/2016\/11\/07-V-mlhach-2.mp3'>L. Jan\u00e1\u010dek - In the mists 2<\/a><\/li><li><a href='https:\/\/gwiwer.org\/wp-content\/uploads\/2016\/11\/08-V-mlhach3.mp3'>L. Jan\u00e1\u010dek - In the mists 3<\/a><\/li><li><a href='https:\/\/gwiwer.org\/wp-content\/uploads\/2016\/11\/09-V-mlhach4.mp3'>L. Jan\u00e1\u010dek - In the mists 4<\/a><\/li><li><a href='https:\/\/gwiwer.org\/wp-content\/uploads\/2017\/10\/07-A-Hovhaness_-Visionary-landsacapes.mp3'>A Hovhaness: Visionary landsacapes<\/a><\/li>\t<\/ol>\n\t<\/noscript>\n\t<script type=\"application\/json\" class=\"wp-playlist-script\">{\"type\":\"audio\",\"tracklist\":true,\"tracknumbers\":true,\"images\":true,\"artists\":true,\"tracks\":[{\"src\":\"https:\/\/gwiwer.org\/wp-content\/uploads\/2016\/11\/05-Fantazie.mp3\",\"type\":\"audio\/mpeg\",\"title\":\"J. S. Bach :  Chromatic Fantasia BWV 903\",\"caption\":\"\",\"description\":\"Skladba \\\"05-fantazie\\\".\",\"meta\":{\"length_formatted\":\"6:09\"},\"image\":{\"src\":\"https:\/\/gwiwer.org\/wp-includes\/images\/media\/audio.svg\",\"width\":48,\"height\":64},\"thumb\":{\"src\":\"https:\/\/gwiwer.org\/wp-includes\/images\/media\/audio.svg\",\"width\":48,\"height\":64}},{\"src\":\"https:\/\/gwiwer.org\/wp-content\/uploads\/2016\/11\/06-Fuga.mp3\",\"type\":\"audio\/mpeg\",\"title\":\"J. S. Bach :  Chromatic Fugue  BWV 903\",\"caption\":\"\",\"description\":\"Skladba \\\"06-fuga\\\".\",\"meta\":{\"length_formatted\":\"5:06\"},\"image\":{\"src\":\"https:\/\/gwiwer.org\/wp-includes\/images\/media\/audio.svg\",\"width\":48,\"height\":64},\"thumb\":{\"src\":\"https:\/\/gwiwer.org\/wp-includes\/images\/media\/audio.svg\",\"width\":48,\"height\":64}},{\"src\":\"https:\/\/gwiwer.org\/wp-content\/uploads\/2016\/11\/06-V-mlhach-1.mp3\",\"type\":\"audio\/mpeg\",\"title\":\"L. Jan\\u00e1\\u010dek - In the mists 1\",\"caption\":\"\",\"description\":\"Skladba \\\"06-v-mlhach-1\\\".\",\"meta\":{\"length_formatted\":\"2:48\"},\"image\":{\"src\":\"https:\/\/gwiwer.org\/wp-includes\/images\/media\/audio.svg\",\"width\":48,\"height\":64},\"thumb\":{\"src\":\"https:\/\/gwiwer.org\/wp-includes\/images\/media\/audio.svg\",\"width\":48,\"height\":64}},{\"src\":\"https:\/\/gwiwer.org\/wp-content\/uploads\/2016\/11\/07-V-mlhach-2.mp3\",\"type\":\"audio\/mpeg\",\"title\":\"L. Jan\\u00e1\\u010dek - In the mists 2\",\"caption\":\"\",\"description\":\"Skladba \\\"07-v-mlhach-2\\\".\",\"meta\":{\"length_formatted\":\"3:36\"},\"image\":{\"src\":\"https:\/\/gwiwer.org\/wp-includes\/images\/media\/audio.svg\",\"width\":48,\"height\":64},\"thumb\":{\"src\":\"https:\/\/gwiwer.org\/wp-includes\/images\/media\/audio.svg\",\"width\":48,\"height\":64}},{\"src\":\"https:\/\/gwiwer.org\/wp-content\/uploads\/2016\/11\/08-V-mlhach3.mp3\",\"type\":\"audio\/mpeg\",\"title\":\"L. Jan\\u00e1\\u010dek - In the mists 3\",\"caption\":\"\",\"description\":\"Skladba \\\"08-v-mlhach3\\\".\",\"meta\":{\"length_formatted\":\"2:00\"},\"image\":{\"src\":\"https:\/\/gwiwer.org\/wp-includes\/images\/media\/audio.svg\",\"width\":48,\"height\":64},\"thumb\":{\"src\":\"https:\/\/gwiwer.org\/wp-includes\/images\/media\/audio.svg\",\"width\":48,\"height\":64}},{\"src\":\"https:\/\/gwiwer.org\/wp-content\/uploads\/2016\/11\/09-V-mlhach4.mp3\",\"type\":\"audio\/mpeg\",\"title\":\"L. Jan\\u00e1\\u010dek - In the mists 4\",\"caption\":\"\",\"description\":\"Skladba \\\"09-v-mlhach4\\\".\",\"meta\":{\"length_formatted\":\"3:55\"},\"image\":{\"src\":\"https:\/\/gwiwer.org\/wp-includes\/images\/media\/audio.svg\",\"width\":48,\"height\":64},\"thumb\":{\"src\":\"https:\/\/gwiwer.org\/wp-includes\/images\/media\/audio.svg\",\"width\":48,\"height\":64}},{\"src\":\"https:\/\/gwiwer.org\/wp-content\/uploads\/2017\/10\/07-A-Hovhaness_-Visionary-landsacapes.mp3\",\"type\":\"audio\/mpeg\",\"title\":\"A Hovhaness: Visionary landsacapes\",\"caption\":\"\",\"description\":\"Skladba \\\"A Hovhaness: Visionary landsacapes\\\". Po\\u0159ad\\u00ed: 7. skladba.\",\"meta\":{\"length_formatted\":\"9:38\"},\"image\":{\"src\":\"https:\/\/gwiwer.org\/wp-includes\/images\/media\/audio.svg\",\"width\":48,\"height\":64},\"thumb\":{\"src\":\"https:\/\/gwiwer.org\/wp-includes\/images\/media\/audio.svg\",\"width\":48,\"height\":64}}]}<\/script>\n<\/div>\n\t\n<p><iframe loading=\"lazy\" title=\"Gwiwer Avedisyan : Walk in monastery\" width=\"840\" height=\"473\" src=\"https:\/\/www.youtube.com\/embed\/WwOeGbDi-BY?feature=oembed\" frameborder=\"0\" allow=\"accelerometer; autoplay; clipboard-write; encrypted-media; gyroscope; picture-in-picture; web-share\" referrerpolicy=\"strict-origin-when-cross-origin\" allowfullscreen><\/iframe><\/p>\n<p><strong>M\u016fj kan\u00e1l na Youtube je k nalezen\u00ed zde:<\/strong><\/p>\n<p><a href=\"https:\/\/www.youtube.com\/@gwiweravedisyan5533\">https:\/\/www.youtube.com\/@gwiweravedisyan5533<\/a><\/p>\n<p>Album <strong>Atlas Stromohudby<\/strong> a <strong>Pern\u00edkov\u00e1 chaloupka<\/strong> k poslechu i zakoupen\u00ed digit\u00e1ln\u00edho alba<\/p>\n<p><a href=\"https:\/\/gwiweravedisyan.bandcamp.com\/\">https:\/\/gwiweravedisyan.bandcamp.com\/<\/a><\/p>\n<p>&nbsp;<\/p>\n<p>\u010c\u00e1st z klav\u00edrn\u00edho cyklu Pern\u00edkov\u00e1 chaloupka m\u016f\u017eete shl\u00e9dnout :<\/p>\n<p><a href=\"https:\/\/www.youtube.com\/watch?v=JyVkvOeHC0I\">https:\/\/www.youtube.com\/watch?v=JyVkvOeHC0I<\/a><\/p>\n<p><strong>Vystoupen\u00ed z Koncert\u016f u\u010ditel\u016f ZU\u0160 Pet\u0159iny:<\/strong><\/p>\n<p>G. Kancheli &#8211; Kdy\u017e kvetou mandlon\u011b; J. R\u00e4\u00e4ts &#8211; Estonsk\u00e9 preludium c moll<\/p>\n<p><a href=\"https:\/\/www.youtube.com\/watch?v=wwR6kw-NvM4\">https:\/\/www.youtube.com\/watch?v=wwR6kw-NvM4<\/a><\/p>\n<p>B. Martin\u016f &#8211; Okna do zahrady (I. &#8211; III.)<\/p>\n<p><a href=\"https:\/\/www.youtube.com\/watch?v=nD6HrWicwmA\">https:\/\/www.youtube.com\/watch?v=nD6HrWicwmA<\/a><\/p>\n<p>J. Nov\u00e1k &#8211; Rustica musa &#8211; Hlasy lesa, Brn\u011bnsk\u00e1 br\u00e1na; K\u0159es\u0165ansk\u00e9 hymny &#8211; V\u011b\u010dn\u00e9 aleluja<\/p>\n<p><a href=\"https:\/\/www.youtube.com\/watch?v=6Edei4NV78E\">https:\/\/www.youtube.com\/watch?v=6Edei4NV78E<\/a><\/p>\n<p>G. Avedisyan &#8211; Letn\u00ed meditace; Chvalozp\u011bv podle O ignee Spiritus sv. Hildegardy z Bingenu<\/p>\n<p><a href=\"https:\/\/youtu.be\/o47lai4cCF0?si=uRsVjjiPxxeR5IvL\">https:\/\/youtu.be\/o47lai4cCF0?si=uRsVjjiPxxeR5IvL<\/a><\/p>\n<p>Skladba G. Avedisyan: Splynut\u00ed du\u0161\u00ed<\/p>\n<p><a href=\"https:\/\/www.youtube.com\/watch?v=qCC6E47Q7ag\">https:\/\/www.youtube.com\/watch?v=qCC6E47Q7ag<\/a><\/p>\n<p>Komitas &#8211; tanec Manushaki, p\u00edsn\u011b Kele kele, Shogher dzan, tanec Shushiki<\/p>\n<p><a href=\"https:\/\/www.youtube.com\/watch?v=chmQ_ilf1vY\">https:\/\/www.youtube.com\/watch?v=chmQ_ilf1vY<\/a><\/p>\n<p><strong>Spolu\u00fa\u010dast na p\u00edsni <em>St\u0159\u00edberce<\/em> z Tolkienovi St\u0159edozem\u011b<\/strong>:<\/p>\n<p><a href=\"https:\/\/pisnestredozeme.cz\/song?songid=70\">https:\/\/pisnestredozeme.cz\/song?songid=70<\/a><\/p>\n<p>&nbsp;<\/p>\n","protected":false},"excerpt":{"rendered":"<p>Star\u0161\u00ed skladby a p\u00edsni\u010dky na vlastn\u00ed texty naleznete zde: http:\/\/bandzone.cz\/gwiwer M\u016fj kan\u00e1l na Youtube je k nalezen\u00ed zde: https:\/\/www.youtube.com\/@gwiweravedisyan5533 Album Atlas Stromohudby a Pern\u00edkov\u00e1 chaloupka k poslechu i zakoupen\u00ed digit\u00e1ln\u00edho alba https:\/\/gwiweravedisyan.bandcamp.com\/ &nbsp; \u010c\u00e1st z klav\u00edrn\u00edho cyklu Pern\u00edkov\u00e1 chaloupka m\u016f\u017eete shl\u00e9dnout : https:\/\/www.youtube.com\/watch?v=JyVkvOeHC0I Vystoupen\u00ed z <span class=\"read-more\"><a class=\"more-link btn btn-transparent\" href=\"https:\/\/gwiwer.org\/?page_id=16\">Read More &#8230;<\/a><\/span><\/p>\n","protected":false},"author":1,"featured_media":0,"parent":0,"menu_order":0,"comment_status":"closed","ping_status":"closed","template":"","meta":{"ngg_post_thumbnail":0,"footnotes":""},"class_list":["post-16","page","type-page","status-publish","hentry"],"_links":{"self":[{"href":"https:\/\/gwiwer.org\/index.php?rest_route=\/wp\/v2\/pages\/16","targetHints":{"allow":["GET"]}}],"collection":[{"href":"https:\/\/gwiwer.org\/index.php?rest_route=\/wp\/v2\/pages"}],"about":[{"href":"https:\/\/gwiwer.org\/index.php?rest_route=\/wp\/v2\/types\/page"}],"author":[{"embeddable":true,"href":"https:\/\/gwiwer.org\/index.php?rest_route=\/wp\/v2\/users\/1"}],"replies":[{"embeddable":true,"href":"https:\/\/gwiwer.org\/index.php?rest_route=%2Fwp%2Fv2%2Fcomments&post=16"}],"version-history":[{"count":21,"href":"https:\/\/gwiwer.org\/index.php?rest_route=\/wp\/v2\/pages\/16\/revisions"}],"predecessor-version":[{"id":263,"href":"https:\/\/gwiwer.org\/index.php?rest_route=\/wp\/v2\/pages\/16\/revisions\/263"}],"wp:attachment":[{"href":"https:\/\/gwiwer.org\/index.php?rest_route=%2Fwp%2Fv2%2Fmedia&parent=16"}],"curies":[{"name":"wp","href":"https:\/\/api.w.org\/{rel}","templated":true}]}}