
{"id":14,"date":"2016-11-06T21:31:33","date_gmt":"2016-11-06T20:31:33","guid":{"rendered":"http:\/\/gwiwer.org\/?page_id=14"},"modified":"2025-11-14T16:22:03","modified_gmt":"2025-11-14T15:22:03","slug":"history-fr","status":"publish","type":"page","link":"https:\/\/gwiwer.org\/?page_id=14","title":{"rendered":"History &#8211; FR"},"content":{"rendered":"<p>Gwiwer Avedisyan ( elle s\u00b4appelle Mgr. Marie Jenov\u00e9fa Ita Ku\u010derov\u00e1, OblSB, DiS. en r\u00e9el)&nbsp; &nbsp;est une musicienne qui habite en R\u00e9publique Tch\u00e8que. La musique est comme oxyg\u00e8ne pour elle, ou bien un grand miracle qu\u00b4on peut recr\u00e9er tous les jours. Le piano est son instrument principal auquel elle joue et o\u00f9 elle fait ses compositions. Elle a fait ses \u00e9tudes de piano au Conservatoire de Prague et&nbsp; \u00e0&nbsp; L\u00b4Acad\u00e9mie de musique, ensuite elle s\u00b4am\u00e9liorait aux masterclasses divers. Elle joue surtout la musique classique (se sp\u00e9cialisant en musique tch\u00e8que et arm\u00e9nienne), mais aussi la musique des films, klezmer et celtique. Pour Gwiwer, jouer d\u00b4un instrument n\u00b4est pas assez: elle chante, et joue aussi \u00e0 la flute traversi\u00e8re, penny whistle et shvi arm\u00e9nienne. R\u00e9c\u00e9mment, elle a commenc\u00e9 de jouer \u00e0 la harpe celtique. Jouer pendant des heures et des heures, ce n\u00b4est pas pour elle. Elle pr\u00e9f\u00e8re s\u00b4occuper de plusieurs choses dans sa vie. Elle donne des concerts charitables, elle travaille comme b\u00e9n\u00e9vole avec des gens handicap\u00e9s&nbsp; \u00e0 l\u00b4\u00e9tranger \/L\u00b4Arche, Camphill\/ et en Tch\u00e9quie \/Villa Vallila\/. Elle aime beaucoup des langues \u00e9trang\u00e8res et la nature.<\/p>\n","protected":false},"excerpt":{"rendered":"<p>Gwiwer Avedisyan ( elle s\u00b4appelle Mgr. Marie Jenov\u00e9fa Ita Ku\u010derov\u00e1, OblSB, DiS. en r\u00e9el)&nbsp; &nbsp;est une musicienne qui habite en R\u00e9publique Tch\u00e8que. La musique est comme oxyg\u00e8ne pour elle, ou bien un grand miracle qu\u00b4on peut recr\u00e9er tous les jours. Le piano est son instrument <span class=\"read-more\"><a class=\"more-link btn btn-transparent\" href=\"https:\/\/gwiwer.org\/?page_id=14\">Read More &#8230;<\/a><\/span><\/p>\n","protected":false},"author":1,"featured_media":0,"parent":0,"menu_order":0,"comment_status":"closed","ping_status":"closed","template":"","meta":{"ngg_post_thumbnail":0,"footnotes":""},"class_list":["post-14","page","type-page","status-publish","hentry"],"_links":{"self":[{"href":"https:\/\/gwiwer.org\/index.php?rest_route=\/wp\/v2\/pages\/14","targetHints":{"allow":["GET"]}}],"collection":[{"href":"https:\/\/gwiwer.org\/index.php?rest_route=\/wp\/v2\/pages"}],"about":[{"href":"https:\/\/gwiwer.org\/index.php?rest_route=\/wp\/v2\/types\/page"}],"author":[{"embeddable":true,"href":"https:\/\/gwiwer.org\/index.php?rest_route=\/wp\/v2\/users\/1"}],"replies":[{"embeddable":true,"href":"https:\/\/gwiwer.org\/index.php?rest_route=%2Fwp%2Fv2%2Fcomments&post=14"}],"version-history":[{"count":3,"href":"https:\/\/gwiwer.org\/index.php?rest_route=\/wp\/v2\/pages\/14\/revisions"}],"predecessor-version":[{"id":256,"href":"https:\/\/gwiwer.org\/index.php?rest_route=\/wp\/v2\/pages\/14\/revisions\/256"}],"wp:attachment":[{"href":"https:\/\/gwiwer.org\/index.php?rest_route=%2Fwp%2Fv2%2Fmedia&parent=14"}],"curies":[{"name":"wp","href":"https:\/\/api.w.org\/{rel}","templated":true}]}}