
{"id":10,"date":"2016-11-06T21:30:26","date_gmt":"2016-11-06T20:30:26","guid":{"rendered":"http:\/\/gwiwer.org\/?page_id=10"},"modified":"2025-11-14T16:20:33","modified_gmt":"2025-11-14T15:20:33","slug":"history-cz","status":"publish","type":"page","link":"https:\/\/gwiwer.org\/?page_id=10","title":{"rendered":"History &#8211; CZ"},"content":{"rendered":"<p>&nbsp;<\/p>\n<p><a href=\"https:\/\/gwiwer.org\/wp-content\/uploads\/2024\/09\/36806928_10156700853698159_1045088417836171264_n.jpg\"><img loading=\"lazy\" decoding=\"async\" class=\"alignnone size-full wp-image-204\" src=\"https:\/\/gwiwer.org\/wp-content\/uploads\/2024\/09\/36806928_10156700853698159_1045088417836171264_n.jpg\" alt=\"\" width=\"417\" height=\"625\" srcset=\"https:\/\/gwiwer.org\/wp-content\/uploads\/2024\/09\/36806928_10156700853698159_1045088417836171264_n.jpg 417w, https:\/\/gwiwer.org\/wp-content\/uploads\/2024\/09\/36806928_10156700853698159_1045088417836171264_n-200x300.jpg 200w\" sizes=\"auto, (max-width: 417px) 100vw, 417px\" \/><\/a>&nbsp; &nbsp; &nbsp; <em>Motto:&nbsp; Ne\u017eenu se za velik\u00fdmi v\u011bcmi, pro m\u011b nedosti\u017en\u00fdmi.<\/em> <em>(\u017dalm 131)<\/em><\/p>\n<p>Gwiwer Avedisyan:&nbsp; Zn\u00edm, tedy jsem.<\/p>\n<p>Hudba pro Gwiwer Avedisyan (vlastn\u00edm jm\u00e9nem Mgr. Marie Jenov\u00e9fa Ita Ku\u010derov\u00e1, OblSB, DiS) je ka\u017edodenn\u00edm pokrmem a darem sh\u016fry.&nbsp;<\/p>\n<p>Vyu\u010duje hru na klav\u00edr a korepetuje na Z\u00e1kladn\u00ed um\u011bleck\u00e9 \u0161kole v Praze 6 &#8211; Pet\u0159iny.&nbsp;<\/p>\n<p>P\u016fsob\u00ed jako chr\u00e1mov\u00e1 hudebnice p\u0159i kostele sv. Terezie z Lisieux a St\u011bt\u00ed sv. Jana K\u0159titele (Praha 8).&nbsp;<\/p>\n<p>Svou klav\u00edrn\u00ed \u010dinnost dopl\u0148uje skl\u00e1d\u00e1n\u00edm p\u0159edev\u0161\u00edm klav\u00edrn\u00edch kompozic a p\u00edsn\u00ed; hrou na p\u0159\u00ed\u010dnou fl\u00e9tnu, keltskou harfu a kantele.<\/p>\n<p>Vystudovala hru na klav\u00edr a muzikologii v Praze.<\/p>\n<p>M\u00e1 bl\u00edzko ke kultu\u0159e Britsk\u00fdch ostrov\u016f, Arm\u00e9nii a Pobaltsk\u00fdch st\u00e1t\u016f.<\/p>\n<p>&nbsp;<\/p>\n<p>G. A.: Ne\u017eij v chaosu. \/ Um\u011bn\u00ed pot\u0159ebuje \u0159\u00e1d. \/ Vyl\u00e1kej inspiraci z hn\u00edzda\/<\/p>\n<p>&nbsp; &nbsp; &nbsp; &nbsp; &nbsp; nech se inspirovat \/ nech se v\u00e9st \/<\/p>\n<p>&nbsp; &nbsp; &nbsp; &nbsp; &nbsp; jak vane Duch. \/<\/p>\n<p>&nbsp; &nbsp; &nbsp; &nbsp; &nbsp; i kdy\u017e c\u00edl nevid\u00ed\u0161 \/ hudbu nebes \/<\/p>\n<p>&nbsp; &nbsp; &nbsp; &nbsp; &nbsp; snad jednou usly\u0161\u00ed\u0161.&nbsp;<\/p>\n<p>&nbsp; &nbsp; &nbsp;<\/p>\n","protected":false},"excerpt":{"rendered":"<p>&nbsp; &nbsp; &nbsp; &nbsp; Motto:&nbsp; Ne\u017eenu se za velik\u00fdmi v\u011bcmi, pro m\u011b nedosti\u017en\u00fdmi. (\u017dalm 131) Gwiwer Avedisyan:&nbsp; Zn\u00edm, tedy jsem. Hudba pro Gwiwer Avedisyan (vlastn\u00edm jm\u00e9nem Mgr. Marie Jenov\u00e9fa Ita Ku\u010derov\u00e1, OblSB, DiS) je ka\u017edodenn\u00edm pokrmem a darem sh\u016fry.&nbsp; Vyu\u010duje hru na klav\u00edr a korepetuje <span class=\"read-more\"><a class=\"more-link btn btn-transparent\" href=\"https:\/\/gwiwer.org\/?page_id=10\">Read More &#8230;<\/a><\/span><\/p>\n","protected":false},"author":1,"featured_media":0,"parent":0,"menu_order":0,"comment_status":"closed","ping_status":"closed","template":"","meta":{"ngg_post_thumbnail":0,"footnotes":""},"class_list":["post-10","page","type-page","status-publish","hentry"],"_links":{"self":[{"href":"https:\/\/gwiwer.org\/index.php?rest_route=\/wp\/v2\/pages\/10","targetHints":{"allow":["GET"]}}],"collection":[{"href":"https:\/\/gwiwer.org\/index.php?rest_route=\/wp\/v2\/pages"}],"about":[{"href":"https:\/\/gwiwer.org\/index.php?rest_route=\/wp\/v2\/types\/page"}],"author":[{"embeddable":true,"href":"https:\/\/gwiwer.org\/index.php?rest_route=\/wp\/v2\/users\/1"}],"replies":[{"embeddable":true,"href":"https:\/\/gwiwer.org\/index.php?rest_route=%2Fwp%2Fv2%2Fcomments&post=10"}],"version-history":[{"count":6,"href":"https:\/\/gwiwer.org\/index.php?rest_route=\/wp\/v2\/pages\/10\/revisions"}],"predecessor-version":[{"id":254,"href":"https:\/\/gwiwer.org\/index.php?rest_route=\/wp\/v2\/pages\/10\/revisions\/254"}],"wp:attachment":[{"href":"https:\/\/gwiwer.org\/index.php?rest_route=%2Fwp%2Fv2%2Fmedia&parent=10"}],"curies":[{"name":"wp","href":"https:\/\/api.w.org\/{rel}","templated":true}]}}